{"id":671,"date":"2024-01-11T16:45:28","date_gmt":"2024-01-11T16:45:28","guid":{"rendered":"http:\/\/elizmoreno.com\/?page_id=671"},"modified":"2026-02-21T16:50:02","modified_gmt":"2026-02-21T16:50:02","slug":"frequently-asked-questions","status":"publish","type":"page","link":"https:\/\/elizmoreno.com\/es\/frequently-asked-questions\/","title":{"rendered":"Preguntas frecuentes"},"content":{"rendered":"<div class=\"wp-block-group faq-group is-layout-constrained wp-block-group-is-layout-constrained\" style=\"\">\n<div class=\"wp-block-group alignfull has-background is-layout-constrained wp-block-group-is-layout-constrained\" style=\"background:radial-gradient(rgb(81,196,211) 0%,rgb(212,236,255) 100%);padding-top:50px;padding-bottom:50px\">\n<h2 class=\"wp-block-heading alignwide has-text-align-center\" style=\"padding-bottom:50px\" id=\"frequently-asked-questions\">Preguntas frecuentes<\/h2>\n\n\n\n<details class=\"wp-block-details is-style-plus has-text-color has-link-color wp-elements-f91bd007f06f486a2fddae86622b6a1a is-layout-flow wp-container-core-details-is-layout-9d3485dd wp-block-details-is-layout-flow\" style=\"color:#000000;padding-top:var(--wp--preset--spacing--xs);padding-right:0;padding-bottom:var(--wp--preset--spacing--xs);padding-left:0\"><summary>\u00bfQu\u00e9 es la hipnosis? \u00bfEs segura?<\/summary><p class=\"wp-block-paragraph\">La hipnosis es un m\u00e9todo seguro y efectivo, uno de los m\u00e1s efectivos para ayudar a las personas a dejar atr\u00e1s el pasado, cambiar creencias, modificar conductas, formas de pensar y reaccionar. Todo ello sin riesgos. La hipnosis es un estado natural de conciencia, en el que somos capaces de soltar lo que no es \u00fatil, reaprender y aceptar nueva informaci\u00f3n m\u00e1s f\u00e1cil, sin tanta resistencia, ni bloqueo. Estar\u00e1s m\u00e1s abierto al cambio que deseas y buscas.<\/p>\n<\/details>\n\n\n\n<details class=\"wp-block-details has-text-color has-link-color wp-elements-c9b015aa2296881404730a3719d9a4a0 is-layout-flow wp-block-details-is-layout-flow\" style=\"color:#000000;padding-top:var(--wp--preset--spacing--xs);padding-right:0;padding-bottom:var(--wp--preset--spacing--xs);padding-left:0\"><summary>\u00bfQu\u00e9 NO es la hipnosis? Mitos que debemos aclarar.<\/summary><p class=\"wp-block-paragraph\">Mitos y Verdades sobre la Hipnosis:<\/p>\n\n\n<p class=\"wp-block-paragraph\"><strong>MITO: Hipnosis es estar dormido o estar inconsciente<\/strong><\/p>\n\n\n<p class=\"wp-block-paragraph\">REALIDAD: No te duermes. En ese estado participas en el proceso y estas mas receptivo.  Podr\u00e1s escuchar y sentir todo lo que sucede durante la sesion y nunca pierdes la consciencia.  Si perdieras la consciencia, no podr\u00edas seguir mis instrucciones y eso significa que no podrias experimentarlo. Se realiza con ojos cerrados porque facilita la concentraci\u00f3n.<\/p>\n\n\n<p class=\"wp-block-paragraph\"><strong>MITO: Har\u00e1s cosas en contra de tu voluntad, o estar\u00e1s bajo el control del terapeuta<\/strong><\/p>\n\n\n<p class=\"wp-block-paragraph\">REALIDAD: Cualquier persona que se resista a ser hipnotizada, no podr\u00e1 ser hipnotizada.  Se requiere la voluntad del cliente para poder realizarlo. Este proceso es como un baile, si no quieres bailar, no habr\u00e1 baile.<\/p>\n\n\n<p class=\"wp-block-paragraph\"><strong>MITO: Es riesgoso quedarse en ese estado, atrapado en el trance<\/strong><\/p>\n\n\n<p class=\"wp-block-paragraph\">REALIDAD: No puedes quedarte en ese estado, lo maximo que puede pasar es que te quedes dormido, recuerda que siempre estas consciente. Hay miles de personas siendo hipnotizadas en cl\u00ednicas, cursos y espect\u00e1culos en todo el mundo. Si este mito fuera verdad la hipnosis ser\u00eda ilegal<\/p>\n\n\n<p class=\"wp-block-paragraph\"><strong>MITO: Soy muy l\u00f3gico, muy anal\u00edtico, la hipnosis no funcionar\u00e1 para mi<\/strong><\/p>\n\n\n<p class=\"wp-block-paragraph\">REALITY: All people, regardless of the way they think or process information, can do it. Hypnosis is a mental state that involves imagination, concentration and emotion (e.g. like when you watch a movie, it&#8217;s very natural).<\/p>\n<\/details>\n\n\n\n<details class=\"wp-block-details has-text-color has-link-color wp-elements-75c85b01bd857731f0d071edabbfd46b is-layout-flow wp-block-details-is-layout-flow\" style=\"color:#000000;padding-top:var(--wp--preset--spacing--xs);padding-right:0;padding-bottom:var(--wp--preset--spacing--xs);padding-left:0\"><summary>\u00bfPuedo hacer hipnoterapia si me han diagnosticado un trastorno mental y\/o tomo medicaci\u00f3n psiqui\u00e1trica?<\/summary><p class=\"wp-block-paragraph\">Lamentablemente, no ofrezco hipnoterapia a personas diagnosticadas con trastornos mentales (ej., trastorno bipolar, demencia, esquizofrenia, psicosis, etc.) o que est\u00e9n tomando medicamentos psiqui\u00e1tricos (por ejemplo, antipsic\u00f3ticos).<\/p>\n\n\n<p class=\"wp-block-paragraph\">Mis disculpas si este es tu caso.<\/p>\n<\/details>\n\n\n\n<details class=\"wp-block-details has-text-color has-link-color wp-elements-7f1f9eb221d3748173ea0850fdc8153a is-layout-flow wp-block-details-is-layout-flow\" style=\"color:#000000;padding-top:var(--wp--preset--spacing--xs);padding-right:0;padding-bottom:var(--wp--preset--spacing--xs);padding-left:0\"><summary>\u00bfPor qu\u00e9 escoger una sesi\u00f3n de 90 minutos en vez de una de 60 minutos?<\/summary><p class=\"wp-block-paragraph\">A lo largo de mi pr\u00e1ctica, he comprobado que una sesi\u00f3n m\u00e1s larga es mucho m\u00e1s efectiva, te permite profundizar en lo que quieres mejorar y tener mayores resultados.<\/p>\n<\/details>\n\n\n\n<details class=\"wp-block-details is-style-default has-text-color has-link-color wp-elements-4b1ee567c66a99078cc18519124be21f is-layout-flow wp-block-details-is-layout-flow\" style=\"color:#000000;padding-top:var(--wp--preset--spacing--xs);padding-right:0;padding-bottom:var(--wp--preset--spacing--xs);padding-left:0\"><summary>Quien es tu Hipnoterapeuta?<\/summary><p class=\"wp-block-paragraph\">Soy Eliz Moreno, he tenido la bendici\u00f3n de ayudar a mis clientes a sentirse mejor, dejar ir el pasado, fortalecer su mentalidad y as\u00ed tener una mejor vida.<\/p>\n\n\n<ul class=\"wp-block-list wp-block-list\">\n<li>Hipnoterapeuta profesional <\/li>\n<\/ul>\n\n\n<ul class=\"wp-block-list wp-block-list\">\n<li>Trained in Aurelio Mejia&#8217;s method and by the Professional Hypnosis Academy (LAHP). <\/li>\n<\/ul>\n\n\n<ul class=\"wp-block-list wp-block-list\">\n<li>Biling\u00fce (Ingl\u00e9s y Espa\u00f1ol)  <\/li>\n<\/ul>\n\n\n<ul class=\"wp-block-list wp-block-list\">\n<li>Nacida en Colombia<\/li>\n<\/ul>\n<\/details>\n<\/div>\n\n\n<p class=\"wp-block-paragraph\"><\/p>\n\n\n<h2 class=\"wp-block-heading alignwide has-text-align-center\" style=\"padding-bottom:50px\" id=\"information-in-spanish\">Informaci\u00f3n en Espa\u00f1ol<\/h2>\n\n\n<div class=\"wp-block-group alignfull has-background is-layout-constrained wp-block-group-is-layout-constrained\" style=\"background:linear-gradient(135deg,rgb(237,237,238) 0%,rgb(255,255,255) 100%);padding-top:50px;padding-bottom:50px\">\n<div class=\"wp-block-columns is-stacked-on-mobile alignwide is-layout-flex wp-container-core-columns-is-layout-28f84493 wp-block-columns-is-layout-flex\" data-columns=\"2\">\n<div class=\"wp-block-column is-layout-flow wp-block-column-is-layout-flow\" style=\"margin-right:15px;margin-left:15px;padding-top:25px;padding-bottom:25px\">\n<figure class=\"wp-block-embed is-type-video is-provider-youtube wp-block-embed-youtube wp-embed-aspect-9-16 wp-has-aspect-ratio\"><div class=\"wp-block-embed__wrapper\">\n<iframe loading=\"lazy\" title=\"Que es Hipnoterapia?\" width=\"422\" height=\"750\" src=\"https:\/\/www.youtube.com\/embed\/5jiHfstz8W0?feature=oembed\" frameborder=\"0\" allow=\"accelerometer; autoplay; clipboard-write; encrypted-media; gyroscope; picture-in-picture; web-share\" referrerpolicy=\"strict-origin-when-cross-origin\" allowfullscreen><\/iframe>\n<\/div><\/figure>\n<\/div>\n\n\n\n<div class=\"wp-block-column is-layout-flow wp-block-column-is-layout-flow\" style=\"margin-right:15px;margin-left:15px;padding-top:25px;padding-bottom:25px\">\n<figure class=\"wp-block-embed is-type-video is-provider-youtube wp-block-embed-youtube wp-embed-aspect-9-16 wp-has-aspect-ratio\"><div class=\"wp-block-embed__wrapper\">\n<iframe loading=\"lazy\" title=\"Como me voy a sentir? - Hipnoterapia #hipnoterapia #SaludMental #PazInterior #Ansiedad #Miedo #Mente\" width=\"422\" height=\"750\" src=\"https:\/\/www.youtube.com\/embed\/jwl82ZDYmNc?feature=oembed&amp;enablejsapi=1&amp;origin=https:\/\/elizmoreno.com\" frameborder=\"0\" allow=\"accelerometer; autoplay; clipboard-write; encrypted-media; gyroscope; picture-in-picture; web-share\" referrerpolicy=\"strict-origin-when-cross-origin\" allowfullscreen><\/iframe>\n<\/div><\/figure>\n<\/div>\n<\/div>\n<\/div>\n<\/div>","protected":false},"excerpt":{"rendered":"<p>Frequently Asked Questions Information in Spanish:<\/p>","protected":false},"author":1,"featured_media":0,"parent":0,"menu_order":0,"comment_status":"closed","ping_status":"closed","template":"full-width","meta":{"footnotes":""},"class_list":["post-671","page","type-page","status-publish","hentry"],"yoast_head":"<!-- This site is optimized with the Yoast SEO plugin v27.1.1 - https:\/\/yoast.com\/product\/yoast-seo-wordpress\/ -->\n<title>Frequently Asked Questions - Eliz Moreno Hypnotherapy<\/title>\n<meta name=\"robots\" content=\"index, follow, max-snippet:-1, max-image-preview:large, max-video-preview:-1\" \/>\n<link rel=\"canonical\" href=\"https:\/\/elizmoreno.com\/es\/frequently-asked-questions\/\" \/>\n<meta property=\"og:locale\" content=\"es_ES\" \/>\n<meta property=\"og:type\" content=\"article\" \/>\n<meta property=\"og:title\" content=\"Frequently Asked Questions - Eliz Moreno Hypnotherapy\" \/>\n<meta property=\"og:description\" content=\"Frequently Asked Questions Information in Spanish:\" \/>\n<meta property=\"og:url\" content=\"https:\/\/elizmoreno.com\/es\/frequently-asked-questions\/\" \/>\n<meta property=\"og:site_name\" content=\"Eliz Moreno Hypnotherapy\" \/>\n<meta property=\"article:modified_time\" content=\"2026-02-21T16:50:02+00:00\" \/>\n<meta name=\"twitter:card\" content=\"summary_large_image\" \/>\n<meta name=\"twitter:label1\" content=\"Tiempo de lectura\" \/>\n\t<meta name=\"twitter:data1\" content=\"3 minutos\" \/>\n<script type=\"application\/ld+json\" class=\"yoast-schema-graph\">{\"@context\":\"https:\/\/schema.org\",\"@graph\":[{\"@type\":\"WebPage\",\"@id\":\"https:\/\/elizmoreno.com\/frequently-asked-questions\/\",\"url\":\"https:\/\/elizmoreno.com\/frequently-asked-questions\/\",\"name\":\"Frequently Asked Questions - Eliz Moreno Hypnotherapy\",\"isPartOf\":{\"@id\":\"https:\/\/elizmoreno.com\/#website\"},\"datePublished\":\"2024-01-11T16:45:28+00:00\",\"dateModified\":\"2026-02-21T16:50:02+00:00\",\"breadcrumb\":{\"@id\":\"https:\/\/elizmoreno.com\/frequently-asked-questions\/#breadcrumb\"},\"inLanguage\":\"es\",\"potentialAction\":[{\"@type\":\"ReadAction\",\"target\":[\"https:\/\/elizmoreno.com\/frequently-asked-questions\/\"]}]},{\"@type\":\"BreadcrumbList\",\"@id\":\"https:\/\/elizmoreno.com\/frequently-asked-questions\/#breadcrumb\",\"itemListElement\":[{\"@type\":\"ListItem\",\"position\":1,\"name\":\"Home\",\"item\":\"https:\/\/elizmoreno.com\/\"},{\"@type\":\"ListItem\",\"position\":2,\"name\":\"Frequently Asked Questions\"}]},{\"@type\":\"WebSite\",\"@id\":\"https:\/\/elizmoreno.com\/#website\",\"url\":\"https:\/\/elizmoreno.com\/\",\"name\":\"Eliz Moreno Hypnotherapy\",\"description\":\"Eliz Moreno Hypnotherapy\",\"publisher\":{\"@id\":\"https:\/\/elizmoreno.com\/#organization\"},\"potentialAction\":[{\"@type\":\"SearchAction\",\"target\":{\"@type\":\"EntryPoint\",\"urlTemplate\":\"https:\/\/elizmoreno.com\/?s={search_term_string}\"},\"query-input\":{\"@type\":\"PropertyValueSpecification\",\"valueRequired\":true,\"valueName\":\"search_term_string\"}}],\"inLanguage\":\"es\"},{\"@type\":\"Organization\",\"@id\":\"https:\/\/elizmoreno.com\/#organization\",\"name\":\"Eliz Moreno Hypnotherapy\",\"url\":\"https:\/\/elizmoreno.com\/\",\"logo\":{\"@type\":\"ImageObject\",\"inLanguage\":\"es\",\"@id\":\"https:\/\/elizmoreno.com\/#\/schema\/logo\/image\/\",\"url\":\"https:\/\/elizmoreno.com\/wp-content\/uploads\/2024\/01\/Logo.png\",\"contentUrl\":\"https:\/\/elizmoreno.com\/wp-content\/uploads\/2024\/01\/Logo.png\",\"width\":278,\"height\":278,\"caption\":\"Eliz Moreno Hypnotherapy\"},\"image\":{\"@id\":\"https:\/\/elizmoreno.com\/#\/schema\/logo\/image\/\"},\"sameAs\":[\"https:\/\/youtube.com\/@elizmoreno2120?feature=shared\",\"https:\/\/www.linkedin.com\/authwall?trk=gf&trkInfo=AQFLrRBkhsFAgwAAAY1tddPYxOkCMl_onPCRTrMzp12SAJEIRAchGjM31SBaeTDEkULggO9lXAgDneKPYj3XxXt1nNzT-XOpV8rd0QRMegtZgEkD3DecEdEY_Vk1xcQyzAjEpTM=&original_referer=https:\/\/www.google.com\/&sessionRedirect=httpsuk.linkedin.comineliz-moreno\"]}]}<\/script>\n<!-- \/ Yoast SEO plugin. -->","yoast_head_json":{"title":"Frequently Asked Questions - Eliz Moreno Hypnotherapy","robots":{"index":"index","follow":"follow","max-snippet":"max-snippet:-1","max-image-preview":"max-image-preview:large","max-video-preview":"max-video-preview:-1"},"canonical":"https:\/\/elizmoreno.com\/es\/frequently-asked-questions\/","og_locale":"es_ES","og_type":"article","og_title":"Frequently Asked Questions - Eliz Moreno Hypnotherapy","og_description":"Frequently Asked Questions Information in Spanish:","og_url":"https:\/\/elizmoreno.com\/es\/frequently-asked-questions\/","og_site_name":"Eliz Moreno Hypnotherapy","article_modified_time":"2026-02-21T16:50:02+00:00","twitter_card":"summary_large_image","twitter_misc":{"Tiempo de lectura":"3 minutos"},"schema":{"@context":"https:\/\/schema.org","@graph":[{"@type":"WebPage","@id":"https:\/\/elizmoreno.com\/frequently-asked-questions\/","url":"https:\/\/elizmoreno.com\/frequently-asked-questions\/","name":"Frequently Asked Questions - Eliz Moreno Hypnotherapy","isPartOf":{"@id":"https:\/\/elizmoreno.com\/#website"},"datePublished":"2024-01-11T16:45:28+00:00","dateModified":"2026-02-21T16:50:02+00:00","breadcrumb":{"@id":"https:\/\/elizmoreno.com\/frequently-asked-questions\/#breadcrumb"},"inLanguage":"es","potentialAction":[{"@type":"ReadAction","target":["https:\/\/elizmoreno.com\/frequently-asked-questions\/"]}]},{"@type":"BreadcrumbList","@id":"https:\/\/elizmoreno.com\/frequently-asked-questions\/#breadcrumb","itemListElement":[{"@type":"ListItem","position":1,"name":"Home","item":"https:\/\/elizmoreno.com\/"},{"@type":"ListItem","position":2,"name":"Frequently Asked Questions"}]},{"@type":"WebSite","@id":"https:\/\/elizmoreno.com\/#website","url":"https:\/\/elizmoreno.com\/","name":"Eliz Moreno Hipnoterapia","description":"Eliz Moreno Hipnoterapia","publisher":{"@id":"https:\/\/elizmoreno.com\/#organization"},"potentialAction":[{"@type":"SearchAction","target":{"@type":"EntryPoint","urlTemplate":"https:\/\/elizmoreno.com\/?s={search_term_string}"},"query-input":{"@type":"PropertyValueSpecification","valueRequired":true,"valueName":"search_term_string"}}],"inLanguage":"es"},{"@type":"Organization","@id":"https:\/\/elizmoreno.com\/#organization","name":"Eliz Moreno Hipnoterapia","url":"https:\/\/elizmoreno.com\/","logo":{"@type":"ImageObject","inLanguage":"es","@id":"https:\/\/elizmoreno.com\/#\/schema\/logo\/image\/","url":"https:\/\/elizmoreno.com\/wp-content\/uploads\/2024\/01\/Logo.png","contentUrl":"https:\/\/elizmoreno.com\/wp-content\/uploads\/2024\/01\/Logo.png","width":278,"height":278,"caption":"Eliz Moreno Hypnotherapy"},"image":{"@id":"https:\/\/elizmoreno.com\/#\/schema\/logo\/image\/"},"sameAs":["https:\/\/youtube.com\/@elizmoreno2120?feature=shared","https:\/\/www.linkedin.com\/authwall?trk=gf&trkInfo=AQFLrRBkhsFAgwAAAY1tddPYxOkCMl_onPCRTrMzp12SAJEIRAchGjM31SBaeTDEkULggO9lXAgDneKPYj3XxXt1nNzT-XOpV8rd0QRMegtZgEkD3DecEdEY_Vk1xcQyzAjEpTM=&original_referer=https:\/\/www.google.com\/&sessionRedirect=httpsuk.linkedin.comineliz-moreno"]}]}},"_links":{"self":[{"href":"https:\/\/elizmoreno.com\/es\/wp-json\/wp\/v2\/pages\/671","targetHints":{"allow":["GET"]}}],"collection":[{"href":"https:\/\/elizmoreno.com\/es\/wp-json\/wp\/v2\/pages"}],"about":[{"href":"https:\/\/elizmoreno.com\/es\/wp-json\/wp\/v2\/types\/page"}],"author":[{"embeddable":true,"href":"https:\/\/elizmoreno.com\/es\/wp-json\/wp\/v2\/users\/1"}],"replies":[{"embeddable":true,"href":"https:\/\/elizmoreno.com\/es\/wp-json\/wp\/v2\/comments?post=671"}],"version-history":[{"count":11,"href":"https:\/\/elizmoreno.com\/es\/wp-json\/wp\/v2\/pages\/671\/revisions"}],"predecessor-version":[{"id":2226,"href":"https:\/\/elizmoreno.com\/es\/wp-json\/wp\/v2\/pages\/671\/revisions\/2226"}],"wp:attachment":[{"href":"https:\/\/elizmoreno.com\/es\/wp-json\/wp\/v2\/media?parent=671"}],"curies":[{"name":"wp","href":"https:\/\/api.w.org\/{rel}","templated":true}]}}